{"id":693,"date":"2019-04-01T10:14:58","date_gmt":"2019-04-01T08:14:58","guid":{"rendered":"http:\/\/villa-mediterrano.com\/ueber-uns\/"},"modified":"2023-08-29T14:38:56","modified_gmt":"2023-08-29T12:38:56","slug":"uber-uns","status":"publish","type":"page","link":"https:\/\/villa-mediterrano.com\/de\/mostar-de\/uber-uns\/","title":{"rendered":"Entdecke unsere Geschichte: \u00dcber uns"},"content":{"rendered":"<p><div class=\"fusion-fullwidth fullwidth-box fusion-builder-row-1 nonhundred-percent-fullwidth non-hundred-percent-height-scrolling\" style=\"--awb-border-radius-top-left:0px;--awb-border-radius-top-right:0px;--awb-border-radius-bottom-right:0px;--awb-border-radius-bottom-left:0px;--awb-flex-wrap:wrap;\" ><div class=\"fusion-builder-row fusion-row\"><div class=\"fusion-layout-column fusion_builder_column fusion-builder-column-0 fusion_builder_column_1_1 1_1 fusion-one-full fusion-column-first fusion-column-last centered large-text\" style=\"--awb-bg-blend:overlay;--awb-bg-size:cover;\"><div class=\"fusion-column-wrapper fusion-column-has-shadow fusion-flex-column-wrapper-legacy\"><div class=\"fusion-text fusion-text-1\"><p>\u00dcber Uns &#8211; Eingebettet in bester Lage im Herzen von Herzegowina, verbindet Villa Mediterrano Mostar die Ruhe des Buna-Flussufers mit der Reiseleidenschaft unserer Familie und dem generations\u00fcbergreifenden Unternehmergeist. Erleben Sie unsere herzliche Gastfreundschaft aus erster Hand.<\/p>\n<\/div><div class=\"fusion-clearfix\"><\/div><\/div><\/div><\/div><\/div><div class=\"fusion-fullwidth fullwidth-box fusion-builder-row-2 nonhundred-percent-fullwidth non-hundred-percent-height-scrolling\" style=\"--awb-border-radius-top-left:0px;--awb-border-radius-top-right:0px;--awb-border-radius-bottom-right:0px;--awb-border-radius-bottom-left:0px;--awb-padding-bottom:40px;--awb-flex-wrap:wrap;\" ><div class=\"fusion-builder-row fusion-row\"><div class=\"fusion-layout-column fusion_builder_column fusion-builder-column-1 fusion_builder_column_1_1 1_1 fusion-one-full fusion-column-first fusion-column-last\" style=\"--awb-bg-blend:overlay;--awb-bg-size:cover;\"><div class=\"fusion-column-wrapper fusion-column-has-shadow fusion-flex-column-wrapper-legacy\"><div class=\"fusion-image-element in-legacy-container\" style=\"--awb-caption-title-font-family:var(--h2_typography-font-family);--awb-caption-title-font-weight:var(--h2_typography-font-weight);--awb-caption-title-font-style:var(--h2_typography-font-style);--awb-caption-title-size:var(--h2_typography-font-size);--awb-caption-title-transform:var(--h2_typography-text-transform);--awb-caption-title-line-height:var(--h2_typography-line-height);--awb-caption-title-letter-spacing:var(--h2_typography-letter-spacing);\"><span class=\" fusion-imageframe imageframe-none imageframe-1 hover-type-none\" style=\"border:20px solid #d7e8f6;\"><img decoding=\"async\" width=\"1100\" height=\"732\" alt=\"Blick auf den Fluss Buna\" title=\"Blagaj-shutterstock-1615030153\" src=\"data:image\/svg+xml,%3Csvg%20xmlns%3D%27http%3A%2F%2Fwww.w3.org%2F2000%2Fsvg%27%20width%3D%271100%27%20height%3D%27732%27%20viewBox%3D%270%200%201100%20732%27%3E%3Crect%20width%3D%271100%27%20height%3D%27732%27%20fill-opacity%3D%220%22%2F%3E%3C%2Fsvg%3E\" data-orig-src=\"https:\/\/villa-mediterrano.com\/wp-content\/uploads\/2019\/04\/Blagaj-shutterstock-1615030153.jpg\" class=\"lazyload img-responsive wp-image-650\"\/><\/span><\/div><div class=\"fusion-clearfix\"><\/div><\/div><\/div><\/div><\/div><div class=\"fusion-fullwidth fullwidth-box fusion-builder-row-3 nonhundred-percent-fullwidth non-hundred-percent-height-scrolling\" style=\"--awb-border-radius-top-left:0px;--awb-border-radius-top-right:0px;--awb-border-radius-bottom-right:0px;--awb-border-radius-bottom-left:0px;--awb-padding-bottom:45px;--awb-flex-wrap:wrap;\" ><div class=\"fusion-builder-row fusion-row\"><div class=\"fusion-layout-column fusion_builder_column fusion-builder-column-2 fusion_builder_column_1_2 1_2 fusion-one-half fusion-column-first\" style=\"--awb-bg-blend:overlay;--awb-bg-size:cover;width:50%;width:calc(50% - ( ( 4% ) * 0.5 ) );margin-right: 4%;\"><div class=\"fusion-column-wrapper fusion-column-has-shadow fusion-flex-column-wrapper-legacy\"><div class=\"fusion-text fusion-text-2\"><div class=\"flex flex-grow flex-col gap-3\">\n<div class=\"min-h-&#091;20px&#093; flex flex-col items-start gap-3 overflow-x-auto whitespace-pre-wrap break-words\">\n<div class=\"markdown prose w-full break-words dark:prose-invert light\">\n<p>\u00dcber Uns &#8211; Unsere Geschichte entstand aus dem Herzen unserer Familie, einem Ort, der einst unsere gesch\u00e4tzte Zuflucht und ein R\u00fcckzugsort f\u00fcr geliebte Zusammenk\u00fcnfte war. Im Laufe der Zeit verwandelte sich dieser R\u00fcckzugsort in etwas Tiefergehendes &#8211; eine familiengef\u00fchrte Ferienwohnung, die als Zeugnis unserer Liebe zum Reisen, unseres unternehmerischen Geistes \u00fcber Generationen hinweg und unserer aufrichtigen Gastfreundschaft steht.<\/p>\n<p>\u00dcber einen Zeitraum von f\u00fcnf Jahren hinweg wurde das, was als unser pers\u00f6nlicher Zufluchtsort begann, zu einem gastfreundlichen Ort f\u00fcr Besucher aus aller Welt. Die Verschmelzung unserer aufrichtigen Freude daran, Freunde zu beherbergen, und die Schaffung eines idyllischen &#8222;Zuhauses fernab von Zuhause&#8220; legte den Grundstein f\u00fcr die Villa Mediterrano. Unser Wunsch, diese W\u00e4rme und Bequemlichkeit jedem Gast zu bieten, f\u00fchrte dazu, dass wir uns von einem privaten R\u00fcckzugsort zu einem engagierten Ort der Entspannung und Erneuerung entwickelten.<\/p>\n<p>Unsere Vision ist einfach, aber tiefgreifend: Wir bieten Ihnen mehr als nur einen Ort zum \u00dcbernachten. Unser Ziel ist es, ein Geflecht von Erlebnissen zu weben, unvergessliche Erinnerungen vor dem Hintergrund au\u00dfergew\u00f6hnlich komfortabler Unterk\u00fcnfte und der herzlichen Umarmung einer freundlichen lokalen Gemeinschaft zu schaffen. Von der beruhigenden Ruhe des Flusses Buna bis zur W\u00e4rme unserer Gastfreundschaft ist jedes Element darauf ausgerichtet, Ihre Reise mit uns zu einem gesch\u00e4tzten Kapitel in Ihrer eigenen Reisegeschichte zu machen. Willkommen in der Villa Mediterrano Mostar, wo unsere Geschichte mit Ihrer zusammenflie\u00dft.<\/p>\n<\/div>\n<\/div>\n<\/div>\n<\/div><div class=\"fusion-clearfix\"><\/div><\/div><\/div><div class=\"fusion-layout-column fusion_builder_column fusion-builder-column-3 fusion_builder_column_1_2 1_2 fusion-one-half fusion-column-last\" style=\"--awb-bg-blend:overlay;--awb-bg-size:cover;width:50%;width:calc(50% - ( ( 4% ) * 0.5 ) );\"><div class=\"fusion-column-wrapper fusion-column-has-shadow fusion-flex-column-wrapper-legacy\"><div class=\"fusion-text fusion-text-3\"><div class=\"flex flex-grow flex-col gap-3\">\n<div class=\"min-h-&#091;20px&#093; flex flex-col items-start gap-3 overflow-x-auto whitespace-pre-wrap break-words\">\n<div class=\"markdown prose w-full break-words dark:prose-invert light\">\n<p>Sorgf\u00e4ltig gestaltet bis ins kleinste Detail und durchdrungen von unserer Leidenschaft f\u00fcr Gastfreundschaft, verk\u00f6rpert unsere Villa die Essenz des mediterranen Klimas, nach dem sie benannt ist. Unsere Verpflichtung ist einfach: Schon beim Betreten der Schwelle m\u00f6chten wir, dass Sie sich zugeh\u00f6rig f\u00fchlen.<\/p>\n<p>Diese Villa ist mehr als nur Wohnraum; sie verk\u00f6rpert unser Engagement f\u00fcr Komfort, Praktikabilit\u00e4t und zeitgen\u00f6ssische \u00c4sthetik. Eingebettet in die Umarmung unseres privaten Swimmingpools bieten sie eine harmonische Mischung aus Funktionalit\u00e4t und Stil. Tauchen Sie ein in die Bequemlichkeit von drei gem\u00fctlichen Doppelzimmern, einem ger\u00e4umigen Wohn- und Essbereich, einer gut ausgestatteten K\u00fcche, zwei verw\u00f6hnenden Duschb\u00e4dern, einem privaten Balkon und einer ruhigen Terrasse.<\/p>\n<p>Was uns wirklich auszeichnet, sind die durchdachten Details und zus\u00e4tzlichen \u00dcberraschungen, die an jeder Ecke auf Sie warten. Wir glauben daran, Erwartungen zu \u00fcbertreffen, und bieten Ihnen mehr als das Gew\u00f6hnliche. Mit gro\u00dfer Sorgfalt haben wir die F\u00e4den von Komfort und Eleganz miteinander verwebt und pr\u00e4sentieren Ihnen nicht nur eine Unterkunft, sondern ein Erlebnis, das unser Engagement f\u00fcr Ihr Wohlbefinden verk\u00f6rpert. Dies ist Ihr Refugium im Villa Mediterrano Mostar, wo jedes Detail von unserer Hingabe spricht, sicherzustellen, dass Ihr Aufenthalt nichts weniger als au\u00dfergew\u00f6hnlich ist.<\/p>\n<\/div>\n<\/div>\n<\/div>\n<\/div><div class=\"fusion-clearfix\"><\/div><\/div><\/div><\/div><\/div><div class=\"fusion-bg-parallax\" data-bg-align=\"center top\" data-direction=\"up\" data-mute=\"false\" data-opacity=\"100\" data-velocity=\"-0.3\" data-mobile-enabled=\"false\" data-break_parents=\"0\" data-bg-image=\"http:\/\/villa-mediterrano.com\/wp-content\/uploads\/2019\/04\/toast.jpg\" data-bg-repeat=\"false\" ><\/div><div class=\"fusion-fullwidth fullwidth-box fusion-builder-row-4 fusion-parallax-up nonhundred-percent-fullwidth non-hundred-percent-height-scrolling lazyload\" style=\"--awb-background-position:center top;--awb-border-radius-top-left:0px;--awb-border-radius-top-right:0px;--awb-border-radius-bottom-right:0px;--awb-border-radius-bottom-left:0px;--awb-background-size:cover;--awb-flex-wrap:wrap;\" data-bg=\"http:\/\/villa-mediterrano.com\/wp-content\/uploads\/2019\/04\/toast.jpg\" ><div class=\"fusion-builder-row fusion-row\"><div class=\"fusion-layout-column fusion_builder_column fusion-builder-column-4 fusion_builder_column_1_1 1_1 fusion-one-full fusion-column-first fusion-column-last\" style=\"--awb-bg-blend:overlay;--awb-bg-size:cover;\"><div class=\"fusion-column-wrapper fusion-column-has-shadow fusion-flex-column-wrapper-legacy\"><div class=\"fusion-sep-clear\"><\/div><div class=\"fusion-separator fusion-full-width-sep\" style=\"margin-left: auto;margin-right: auto;margin-top:250px;margin-bottom:250px;width:100%;\"><\/div><div class=\"fusion-sep-clear\"><\/div><div class=\"fusion-clearfix\"><\/div><\/div><\/div><\/div><\/div><div class=\"fusion-fullwidth fullwidth-box fusion-builder-row-5 large-text nonhundred-percent-fullwidth non-hundred-percent-height-scrolling\" style=\"--awb-border-radius-top-left:0px;--awb-border-radius-top-right:0px;--awb-border-radius-bottom-right:0px;--awb-border-radius-bottom-left:0px;--awb-padding-top:80px;--awb-flex-wrap:wrap;\" ><div class=\"fusion-builder-row fusion-row\"><div class=\"fusion-layout-column fusion_builder_column fusion-builder-column-5 fusion_builder_column_2_3 2_3 fusion-two-third fusion-column-first\" style=\"--awb-bg-blend:overlay;--awb-bg-size:cover;width:66.666666666667%;width:calc(66.666666666667% - ( ( 4% ) * 0.66666666666667 ) );margin-right: 4%;\"><div class=\"fusion-column-wrapper fusion-column-has-shadow fusion-flex-column-wrapper-legacy\"><div class=\"fusion-image-element in-legacy-container\" style=\"--awb-caption-title-font-family:var(--h2_typography-font-family);--awb-caption-title-font-weight:var(--h2_typography-font-weight);--awb-caption-title-font-style:var(--h2_typography-font-style);--awb-caption-title-size:var(--h2_typography-font-size);--awb-caption-title-transform:var(--h2_typography-text-transform);--awb-caption-title-line-height:var(--h2_typography-line-height);--awb-caption-title-letter-spacing:var(--h2_typography-letter-spacing);\"><span class=\" fusion-imageframe imageframe-none imageframe-2 hover-type-none\" style=\"border:20px solid #d7e8f6;\"><img decoding=\"async\" width=\"800\" height=\"532\" alt=\"Entdecke unsere Geschichte: \u00dcber uns\" title=\"family-vacation-zaostrog-croatia\" src=\"data:image\/svg+xml,%3Csvg%20xmlns%3D%27http%3A%2F%2Fwww.w3.org%2F2000%2Fsvg%27%20width%3D%27800%27%20height%3D%27532%27%20viewBox%3D%270%200%20800%20532%27%3E%3Crect%20width%3D%27800%27%20height%3D%27532%27%20fill-opacity%3D%220%22%2F%3E%3C%2Fsvg%3E\" data-orig-src=\"https:\/\/villa-mediterrano.com\/wp-content\/uploads\/2019\/04\/family-vacation-zaostrog-croatia.jpg\" class=\"lazyload img-responsive wp-image-651\"\/><\/span><\/div><div class=\"fusion-clearfix\"><\/div><\/div><\/div><div class=\"fusion-layout-column fusion_builder_column fusion-builder-column-6 fusion_builder_column_1_3 1_3 fusion-one-third fusion-column-last\" style=\"--awb-bg-blend:overlay;--awb-bg-size:cover;width:33.333333333333%;width:calc(33.333333333333% - ( ( 4% ) * 0.33333333333333 ) );\"><div class=\"fusion-column-wrapper fusion-column-has-shadow fusion-flex-column-wrapper-legacy\"><div class=\"fusion-text fusion-text-4\"><p>Wir m\u00f6chten, dass Sie Buna kennenlernen und lieben lernen und sich in unserem Apartment wie zu Hause f\u00fchlen, egal ob Sie als Familie auf der Suche nach einer wohlverdienten Sommerpause kommen oder als Paar, das eine romantische Auszeit sucht. Sie werden dem hektischen Alltag entfliehen und sich entspannen sowie die au\u00dfergew\u00f6hnlichen nat\u00fcrlichen und kulturellen Sehensw\u00fcrdigkeiten der Stadt Mostar und ihrer Umgebung genie\u00dfen.<\/p>\n<\/div><div class=\"fusion-clearfix\"><\/div><\/div><\/div><\/div><\/div><div class=\"fusion-fullwidth fullwidth-box fusion-builder-row-6 centered large-text nonhundred-percent-fullwidth non-hundred-percent-height-scrolling\" style=\"--awb-border-radius-top-left:0px;--awb-border-radius-top-right:0px;--awb-border-radius-bottom-right:0px;--awb-border-radius-bottom-left:0px;--awb-padding-top:40px;--awb-flex-wrap:wrap;\" ><div class=\"fusion-builder-row fusion-row\"><div class=\"fusion-layout-column fusion_builder_column fusion-builder-column-7 fusion_builder_column_1_1 1_1 fusion-one-full fusion-column-first fusion-column-last\" style=\"--awb-bg-blend:overlay;--awb-bg-size:cover;\"><div class=\"fusion-column-wrapper fusion-column-has-shadow fusion-flex-column-wrapper-legacy\"><div class=\"fusion-text fusion-text-5\"><p>Wir hoffen, dass der Aufenthalt in unseren Apartments einen bleibenden Eindruck hinterl\u00e4sst und das Verlangen weckt, zur Villa Mediterrano zur\u00fcckzukehren, wo der Rhythmus Ihrer Tage vom entspannenden Fluss des Flusses gepr\u00e4gt wird.<\/p>\n<\/div><div class=\"fusion-clearfix\"><\/div><\/div><\/div><\/div><\/div><\/p>","protected":false},"excerpt":{"rendered":"","protected":false},"author":3,"featured_media":0,"parent":675,"menu_order":0,"comment_status":"closed","ping_status":"closed","template":"100-width.php","meta":{"footnotes":""},"class_list":["post-693","page","type-page","status-publish","hentry"],"_links":{"self":[{"href":"https:\/\/villa-mediterrano.com\/de\/wp-json\/wp\/v2\/pages\/693","targetHints":{"allow":["GET"]}}],"collection":[{"href":"https:\/\/villa-mediterrano.com\/de\/wp-json\/wp\/v2\/pages"}],"about":[{"href":"https:\/\/villa-mediterrano.com\/de\/wp-json\/wp\/v2\/types\/page"}],"author":[{"embeddable":true,"href":"https:\/\/villa-mediterrano.com\/de\/wp-json\/wp\/v2\/users\/3"}],"replies":[{"embeddable":true,"href":"https:\/\/villa-mediterrano.com\/de\/wp-json\/wp\/v2\/comments?post=693"}],"version-history":[{"count":10,"href":"https:\/\/villa-mediterrano.com\/de\/wp-json\/wp\/v2\/pages\/693\/revisions"}],"predecessor-version":[{"id":3278,"href":"https:\/\/villa-mediterrano.com\/de\/wp-json\/wp\/v2\/pages\/693\/revisions\/3278"}],"up":[{"embeddable":true,"href":"https:\/\/villa-mediterrano.com\/de\/wp-json\/wp\/v2\/pages\/675"}],"wp:attachment":[{"href":"https:\/\/villa-mediterrano.com\/de\/wp-json\/wp\/v2\/media?parent=693"}],"curies":[{"name":"wp","href":"https:\/\/api.w.org\/{rel}","templated":true}]}}