{"id":696,"date":"2020-01-19T18:51:12","date_gmt":"2020-01-19T17:51:12","guid":{"rendered":"http:\/\/villa-mediterrano.com\/kontakt\/"},"modified":"2023-08-23T09:35:14","modified_gmt":"2023-08-23T07:35:14","slug":"kontakt","status":"publish","type":"page","link":"https:\/\/villa-mediterrano.com\/de\/mostar-de\/kontakt\/","title":{"rendered":"Kontakt"},"content":{"rendered":"<p><div class=\"fusion-fullwidth fullwidth-box fusion-builder-row-1 hundred-percent-fullwidth non-hundred-percent-height-scrolling\" style=\"--awb-border-radius-top-left:0px;--awb-border-radius-top-right:0px;--awb-border-radius-bottom-right:0px;--awb-border-radius-bottom-left:0px;--awb-padding-right:0px;--awb-padding-left:0px;--awb-flex-wrap:wrap;\" ><div class=\"fusion-builder-row fusion-row\"><div class=\"fusion-layout-column fusion_builder_column fusion-builder-column-0 fusion_builder_column_1_1 1_1 fusion-one-full fusion-column-first fusion-column-last\" style=\"--awb-bg-blend:overlay;--awb-bg-size:cover;\"><div class=\"fusion-column-wrapper fusion-column-has-shadow fusion-flex-column-wrapper-legacy\"><div class=\"shortcode-map fusion-google-map fusion-maps-embed-type\"><iframe width=\"100%\" height=\"500 px\" frameborder=\"0\" style=\"border:0\" src=\"https:\/\/www.google.com\/maps\/embed\/v1\/place?key=AIzaSyBRuqHxf4Jz8nNHjZFBOr6TmzQr-aBsHd4&language=de&q=VILLA+MEDITERRANO,+Potpetak+16,+Buna+88202&maptype=roadmap&zoom=9\" allowfullscreen><\/iframe><\/div><div class=\"fusion-clearfix\"><\/div><\/div><\/div><\/div><\/div><div class=\"fusion-fullwidth fullwidth-box fusion-builder-row-2 centered large-text nonhundred-percent-fullwidth non-hundred-percent-height-scrolling\" style=\"--awb-border-radius-top-left:0px;--awb-border-radius-top-right:0px;--awb-border-radius-bottom-right:0px;--awb-border-radius-bottom-left:0px;--awb-padding-top:60px;--awb-flex-wrap:wrap;\" ><div class=\"fusion-builder-row fusion-row\"><div class=\"fusion-layout-column fusion_builder_column fusion-builder-column-1 fusion_builder_column_1_1 1_1 fusion-one-full fusion-column-first fusion-column-last\" style=\"--awb-bg-blend:overlay;--awb-bg-size:cover;\"><div class=\"fusion-column-wrapper fusion-column-has-shadow fusion-flex-column-wrapper-legacy\"><div class=\"fusion-text fusion-text-1\"><h2>Villa Mediterrano<\/h2>\n<\/div><div class=\"fusion-text fusion-text-2\"><p class=\"large-text\"><a href=\"tel:0038763313752\">Phone: +387 63313752<\/a> | <a href=\"mailto:&#x69;&#x6e;&#x66;&#x6f;&#x40;&#x76;&#x69;&#x6c;&#x6c;&#x61;&#x2d;&#x6d;&#x65;&#x64;&#x69;&#x74;&#x65;&#x72;&#x72;&#x61;&#x6e;&#x6f;&#x2e;&#x63;&#x6f;&#x6d;\">Email: <span style=\"color: #d6ab6e;\">booking<\/span>@villa-mediterrano.com<\/a><\/p>\n<\/div><div class=\"fusion-sep-clear\"><\/div><div class=\"fusion-separator\" style=\"margin-left: auto;margin-right: auto;margin-top:15px;margin-bottom:0px;width:100%;max-width:115px;\"><div class=\"fusion-separator-border sep-single\" style=\"--awb-height:20px;--awb-amount:20px;--awb-sep-color:#d6ab6e;border-color:#d6ab6e;border-top-width:2px;\"><\/div><\/div><div class=\"fusion-sep-clear\"><\/div><div class=\"fusion-clearfix\"><\/div><\/div><\/div><\/div><\/div><div class=\"fusion-fullwidth fullwidth-box fusion-builder-row-3 fusion-flex-container has-pattern-background has-mask-background nonhundred-percent-fullwidth non-hundred-percent-height-scrolling\" style=\"--awb-border-radius-top-left:0px;--awb-border-radius-top-right:0px;--awb-border-radius-bottom-right:0px;--awb-border-radius-bottom-left:0px;--awb-flex-wrap:wrap;\" ><div class=\"fusion-builder-row fusion-row fusion-flex-align-items-flex-start fusion-flex-content-wrap\" style=\"max-width:1144px;margin-left: calc(-4% \/ 2 );margin-right: calc(-4% \/ 2 );\"><div class=\"fusion-layout-column fusion_builder_column fusion-builder-column-2 fusion_builder_column_1_1 1_1 fusion-flex-column\" style=\"--awb-bg-size:cover;--awb-width-large:100%;--awb-margin-top-large:0px;--awb-spacing-right-large:1.92%;--awb-margin-bottom-large:20px;--awb-spacing-left-large:1.92%;--awb-width-medium:100%;--awb-order-medium:0;--awb-spacing-right-medium:1.92%;--awb-spacing-left-medium:1.92%;--awb-width-small:100%;--awb-order-small:0;--awb-spacing-right-small:1.92%;--awb-spacing-left-small:1.92%;\"><div class=\"fusion-column-wrapper fusion-column-has-shadow fusion-flex-justify-content-flex-start fusion-content-layout-column\"><div class=\"fusion-text fusion-text-3\"><p><strong>Kontaktieren Sie uns<\/strong><\/p>\n<p>Wir freuen uns auf Ihre Nachricht! Ob Sie Fragen haben, Anregungen suchen oder Ihren n\u00e4chsten unvergesslichen Urlaub in der Villa Mediterrano Mostar buchen m\u00f6chten, unser Team steht Ihnen zur Seite.<\/p>\n<p><strong>Treten Sie mit uns in Kontakt<\/strong><\/p>\n<p>Z\u00f6gern Sie nicht, uns \u00fcber die untenstehenden Kontaktinformationen zu erreichen. Unser freundliches Personal wird sich freuen, auf Ihre Anfragen zu antworten und Ihnen bei der Planung Ihres perfekten Aufenthalts zu helfen.<\/p>\n<p><strong>Verbinden Sie sich mit uns<\/strong><\/p>\n<p>Sie k\u00f6nnen auch \u00fcber soziale Medien mit uns in Verbindung bleiben, um die neuesten Updates, Sonderangebote und Reiseinspirationen zu erhalten.<\/p>\n<p><strong>Schicken Sie uns eine Nachricht<\/strong><\/p>\n<p>F\u00fcr Ihre Bequemlichkeit k\u00f6nnen Sie auch das untenstehende Formular verwenden, um uns direkt eine Nachricht zu senden. F\u00fcllen Sie einfach Ihre Angaben aus, geben Sie Ihre Nachricht ein und klicken Sie auf &#8218;Senden&#8216;. Wir werden uns so schnell wie m\u00f6glich bei Ihnen melden.<\/p>\n<p>Wir freuen uns darauf, Sie in der Villa Mediterrano Mostar willkommen zu hei\u00dfen und sicherzustellen, dass Sie eine unglaubliche und unvergessliche Erfahrung haben. Ihre Zufriedenheit steht f\u00fcr uns an erster Stelle, und wir sind hier, um Ihren Aufenthalt wirklich au\u00dfergew\u00f6hnlich zu gestalten.<\/p>\n<\/div><\/div><\/div><\/div><\/div><div class=\"fusion-fullwidth fullwidth-box fusion-builder-row-4 nonhundred-percent-fullwidth non-hundred-percent-height-scrolling\" style=\"--awb-border-radius-top-left:0px;--awb-border-radius-top-right:0px;--awb-border-radius-bottom-right:0px;--awb-border-radius-bottom-left:0px;--awb-padding-top:30px;--awb-flex-wrap:wrap;\" ><div class=\"fusion-builder-row fusion-row\"><div class=\"fusion-layout-column fusion_builder_column fusion-builder-column-3 fusion_builder_column_1_6 1_6 fusion-one-sixth fusion-column-first fusion-no-small-visibility fusion-no-medium-visibility\" style=\"--awb-bg-blend:overlay;--awb-bg-size:cover;width:16.666666666667%;width:calc(16.666666666667% - ( ( 0px + 0px ) * 0.16666666666667 ) );margin-right: 0px;\"><div class=\"fusion-column-wrapper fusion-column-has-shadow fusion-flex-column-wrapper-legacy\"><div class=\"fusion-clearfix\"><\/div><\/div><\/div><div class=\"fusion-layout-column fusion_builder_column fusion-builder-column-4 fusion_builder_column_2_3 2_3 fusion-two-third\" style=\"--awb-bg-blend:overlay;--awb-bg-size:cover;width:66.666666666667%;width:calc(66.666666666667% - ( ( 0px + 0px ) * 0.66666666666667 ) );margin-right: 0px;\"><div class=\"fusion-column-wrapper fusion-column-has-shadow fusion-flex-column-wrapper-legacy\"><div class=\"fusion-text fusion-text-4\">\n<div class=\"wpcf7 no-js\" id=\"wpcf7-f855-o1\" lang=\"en-US\" dir=\"ltr\" data-wpcf7-id=\"855\">\n<div class=\"screen-reader-response\"><p role=\"status\" aria-live=\"polite\" aria-atomic=\"true\"><\/p> <ul><\/ul><\/div>\n<form action=\"\/de\/wp-json\/wp\/v2\/pages\/696#wpcf7-f855-o1\" method=\"post\" class=\"wpcf7-form init\" aria-label=\"Contact form\" novalidate=\"novalidate\" data-status=\"init\">\n<fieldset class=\"hidden-fields-container\"><input type=\"hidden\" name=\"_wpcf7\" value=\"855\" \/><input type=\"hidden\" name=\"_wpcf7_version\" value=\"6.1\" \/><input type=\"hidden\" name=\"_wpcf7_locale\" value=\"en_US\" \/><input type=\"hidden\" name=\"_wpcf7_unit_tag\" value=\"wpcf7-f855-o1\" \/><input type=\"hidden\" name=\"_wpcf7_container_post\" value=\"0\" \/><input type=\"hidden\" name=\"_wpcf7_posted_data_hash\" value=\"\" \/>\n<\/fieldset>\n<div class=\"formlabel fusion-one-half fusion-layout-column fusion-spacing-yes\">\n\t<p>Name und Familienname * <span class=\"wpcf7-form-control-wrap\" data-name=\"your-name\"><input size=\"40\" maxlength=\"400\" class=\"wpcf7-form-control wpcf7-text wpcf7-validates-as-required\" aria-required=\"true\" aria-invalid=\"false\" value=\"\" type=\"text\" name=\"your-name\" \/><\/span>\n\t<\/p>\n<\/div>\n<div class=\"formlabel fusion-one-half fusion-layout-column fusion-column-last fusion-spacing-yes\">\n\t<p>Email * <span class=\"wpcf7-form-control-wrap\" data-name=\"your-email\"><input size=\"40\" maxlength=\"400\" class=\"wpcf7-form-control wpcf7-email wpcf7-validates-as-required wpcf7-text wpcf7-validates-as-email\" aria-required=\"true\" aria-invalid=\"false\" value=\"\" type=\"email\" name=\"your-email\" \/><\/span>\n\t<\/p>\n<\/div>\n<div class=\"formlabel fusion-one-third fusion-layout-column fusion-spacing-yes\">\n\t<p>Telefonnummer <span class=\"wpcf7-form-control-wrap\" data-name=\"your-phone\"><input size=\"40\" maxlength=\"400\" class=\"wpcf7-form-control wpcf7-tel wpcf7-text wpcf7-validates-as-tel\" aria-invalid=\"false\" value=\"\" type=\"tel\" name=\"your-phone\" \/><\/span>\n\t<\/p>\n<\/div>\n<div class=\"formlabel fusion-one-third fusion-layout-column fusion-spacing-yes\">\n\t<p>Ankunft * <span class=\"wpcf7-form-control-wrap\" data-name=\"your-arrival\"><input class=\"wpcf7-form-control wpcf7-date wpcf7-validates-as-required wpcf7-validates-as-date\" min=\"2026-04-12\" max=\"2027-04-10\" aria-required=\"true\" aria-invalid=\"false\" value=\"yyyy-mm-dd\" type=\"date\" name=\"your-arrival\" \/><\/span>\n\t<\/p>\n<\/div>\n<div class=\"formlabel fusion-one-third fusion-layout-column fusion-column-last fusion-spacing-yes\">\n\t<p>Abreise * <span class=\"wpcf7-form-control-wrap\" data-name=\"your-departure\"><input class=\"wpcf7-form-control wpcf7-date wpcf7-validates-as-required wpcf7-validates-as-date\" min=\"2026-04-13\" max=\"2027-04-17\" aria-required=\"true\" aria-invalid=\"false\" value=\"yyyy-mm-dd\" type=\"date\" name=\"your-departure\" \/><\/span>\n\t<\/p>\n<\/div>\n<div class=\"formlabel fusion-one-third fusion-layout-column fusion-spacing-yes\">\n\t<p>Erwachsene * <span class=\"wpcf7-form-control-wrap\" data-name=\"adults\"><select class=\"wpcf7-form-control wpcf7-select wpcf7-validates-as-required\" aria-required=\"true\" aria-invalid=\"false\" name=\"adults\"><option value=\"1\">1<\/option><option value=\"2\">2<\/option><option value=\"3\">3<\/option><option value=\"4\">4<\/option><option value=\"5\">5<\/option><option value=\"6\">6<\/option><option value=\"7\">7<\/option><option value=\"8\">8<\/option><option value=\"9\">9<\/option><option value=\"10\">10<\/option><\/select><\/span>\n\t<\/p>\n<\/div>\n<div class=\"formlabel fusion-one-third fusion-layout-column fusion-spacing-yes\">\n\t<p>Kinder bis zu 6 Jahren * <span class=\"wpcf7-form-control-wrap\" data-name=\"children6\"><select class=\"wpcf7-form-control wpcf7-select wpcf7-validates-as-required\" aria-required=\"true\" aria-invalid=\"false\" name=\"children6\"><option value=\"0\">0<\/option><option value=\"1\">1<\/option><option value=\"2\">2<\/option><option value=\"3\">3<\/option><option value=\"4\">4<\/option><option value=\"5\">5<\/option><option value=\"6\">6<\/option><option value=\"7\">7<\/option><option value=\"8\">8<\/option><option value=\"9\">9<\/option><option value=\"10\">10<\/option><\/select><\/span>\n\t<\/p>\n<\/div>\n<div class=\"formlabel fusion-one-third fusion-layout-column fusion-column-last fusion-spacing-yes\">\n\t<p>Kinder 6-12 Jahren * <span class=\"wpcf7-form-control-wrap\" data-name=\"children12\"><select class=\"wpcf7-form-control wpcf7-select wpcf7-validates-as-required\" aria-required=\"true\" aria-invalid=\"false\" name=\"children12\"><option value=\"0\">0<\/option><option value=\"1\">1<\/option><option value=\"2\">2<\/option><option value=\"3\">3<\/option><option value=\"4\">4<\/option><option value=\"5\">5<\/option><option value=\"6\">6<\/option><option value=\"7\">7<\/option><option value=\"8\">8<\/option><option value=\"9\">9<\/option><option value=\"10\">10<\/option><\/select><\/span>\n\t<\/p>\n<\/div>\n<div class=\"formlabel\">\n\t<p>Anfrage <span class=\"wpcf7-form-control-wrap\" data-name=\"your-message\"><textarea cols=\"40\" rows=\"10\" maxlength=\"2000\" class=\"wpcf7-form-control wpcf7-textarea\" aria-invalid=\"false\" name=\"your-message\"><\/textarea><\/span>\n\t<\/p>\n<\/div>\n<p class=\"small-text\" style=\"margin:0;padding:0;line-height:1em;\">&nbsp;\n<\/p>\n<div class=\"formlabel\">\n\t<p><span class=\"wpcf7-form-control-wrap\" data-name=\"your-consent\"><span class=\"wpcf7-form-control wpcf7-acceptance\"><span class=\"wpcf7-list-item\"><label><input type=\"checkbox\" name=\"your-consent\" value=\"1\" aria-invalid=\"false\" \/><span class=\"wpcf7-list-item-label\"><span class=\" agree-text\"><strong>Ich bin damit einverstanden *<\/strong> meine pers\u00f6nlichen Daten an der Villa Mediterrano-Team weiterzugeben. <a href=\"http:\/\/villa-mediterrano.com\/de\/privacy-policy\/\">Datenschutz- und Cookie-Richtlinien<\/a>.<\/span><\/span><\/label><\/span><\/span><\/span>\n\t<\/p>\n<\/div>\n<p class=\"small-text\" style=\"margin:0;padding:0;line-height:1em;\">&nbsp;\n<\/p>\n<p class=\"centered\" style=\"padding-bottom:5px;\"><input class=\"wpcf7-form-control wpcf7-submit has-spinner\" type=\"submit\" value=\"buchen\" \/>\n<\/p>\n<p class=\"centered small-text\">Die mit einem Stern (*) gekennzeichneten Felder sind Pflichtfelder\n<\/p><p style=\"display: none !important;\" class=\"akismet-fields-container\" data-prefix=\"_wpcf7_ak_\"><label>&#916;<textarea name=\"_wpcf7_ak_hp_textarea\" cols=\"45\" rows=\"8\" maxlength=\"100\"><\/textarea><\/label><input type=\"hidden\" id=\"ak_js_1\" name=\"_wpcf7_ak_js\" value=\"30\"\/><script>document.getElementById( \"ak_js_1\" ).setAttribute( \"value\", ( new Date() ).getTime() );<\/script><\/p><div class=\"wpcf7-response-output\" aria-hidden=\"true\"><\/div>\n<\/form>\n<\/div>\n\n<\/div><div class=\"fusion-clearfix\"><\/div><\/div><\/div><div class=\"fusion-layout-column fusion_builder_column fusion-builder-column-5 fusion_builder_column_1_6 1_6 fusion-one-sixth fusion-column-last fusion-no-small-visibility fusion-no-medium-visibility\" style=\"--awb-bg-blend:overlay;--awb-bg-size:cover;width:16.666666666667%;width:calc(16.666666666667% - ( ( 0px + 0px ) * 0.16666666666667 ) );\"><div class=\"fusion-column-wrapper fusion-column-has-shadow fusion-flex-column-wrapper-legacy\"><div class=\"fusion-clearfix\"><\/div><\/div><\/div><\/div><\/div><\/p>","protected":false},"excerpt":{"rendered":"","protected":false},"author":3,"featured_media":0,"parent":675,"menu_order":0,"comment_status":"closed","ping_status":"closed","template":"100-width.php","meta":{"footnotes":""},"class_list":["post-696","page","type-page","status-publish","hentry"],"_links":{"self":[{"href":"https:\/\/villa-mediterrano.com\/de\/wp-json\/wp\/v2\/pages\/696","targetHints":{"allow":["GET"]}}],"collection":[{"href":"https:\/\/villa-mediterrano.com\/de\/wp-json\/wp\/v2\/pages"}],"about":[{"href":"https:\/\/villa-mediterrano.com\/de\/wp-json\/wp\/v2\/types\/page"}],"author":[{"embeddable":true,"href":"https:\/\/villa-mediterrano.com\/de\/wp-json\/wp\/v2\/users\/3"}],"replies":[{"embeddable":true,"href":"https:\/\/villa-mediterrano.com\/de\/wp-json\/wp\/v2\/comments?post=696"}],"version-history":[{"count":6,"href":"https:\/\/villa-mediterrano.com\/de\/wp-json\/wp\/v2\/pages\/696\/revisions"}],"predecessor-version":[{"id":3233,"href":"https:\/\/villa-mediterrano.com\/de\/wp-json\/wp\/v2\/pages\/696\/revisions\/3233"}],"up":[{"embeddable":true,"href":"https:\/\/villa-mediterrano.com\/de\/wp-json\/wp\/v2\/pages\/675"}],"wp:attachment":[{"href":"https:\/\/villa-mediterrano.com\/de\/wp-json\/wp\/v2\/media?parent=696"}],"curies":[{"name":"wp","href":"https:\/\/api.w.org\/{rel}","templated":true}]}}