{"id":811,"date":"2020-01-20T11:58:30","date_gmt":"2020-01-20T10:58:30","guid":{"rendered":"http:\/\/villa-mediterrano.com\/privacy-policy\/"},"modified":"2023-08-29T14:01:47","modified_gmt":"2023-08-29T12:01:47","slug":"privacy-policy-2","status":"publish","type":"page","link":"https:\/\/villa-mediterrano.com\/de\/privacy-policy-2\/","title":{"rendered":"Privacy Policy"},"content":{"rendered":"<div class=\"fusion-fullwidth fullwidth-box fusion-builder-row-1 nonhundred-percent-fullwidth non-hundred-percent-height-scrolling\" style=\"--awb-border-radius-top-left:0px;--awb-border-radius-top-right:0px;--awb-border-radius-bottom-right:0px;--awb-border-radius-bottom-left:0px;--awb-flex-wrap:wrap;\" ><div class=\"fusion-builder-row fusion-row\"><div class=\"fusion-layout-column fusion_builder_column fusion-builder-column-0 fusion_builder_column_1_1 1_1 fusion-one-full fusion-column-first fusion-column-last\" style=\"--awb-bg-blend:overlay;--awb-bg-size:cover;--awb-margin-bottom:0px;\"><div class=\"fusion-column-wrapper fusion-flex-column-wrapper-legacy\"><div class=\"fusion-text fusion-text-1\"><h2><strong>Einf\u00fchrung<\/strong><\/h2>\n<p>Villa Mediterrano, Buna, Potpetak 16, Bosnien und Herzegowina nimmt das Schutz von es ist Kunden &#8218; und prospektiv Kundendaten sehr _ ernsthaft \u2013 und benachrichtigen Sie hier von das Modalit\u00e4t von unser Handhabung von personenbezogene Daten. Das folgende Datenschutz &amp; Cookie Politik wird Ihnen zur Verf\u00fcgung stellen mit Information \u00dcber die pers\u00f6nlichen Daten das ist Sein gesammelt , verarbeitet und verwendet .<\/p>\n<p>Das Seite informiert Sie von unser Richtlinien hinsichtlich das Erhebung , Nutzung u Offenlegung von personenbezogenen Daten, wenn du navigierst _ durch unser Webseite <strong>www.villa-mediterrano.com<\/strong> und das Auswahlm\u00f6glichkeiten Sie haben damit verbundenen mit diese Daten.<\/p>\n<p>Das Politik gilt Wenn wir als Datenverantwortlicher fungieren _ _ mit Bezug auf die personenbezogenen Daten von unser Besucher .<\/p>\n<h2><strong>Relevant Gesetzgebung<\/strong><\/h2>\n<p>Eine lange mit unser Gesch\u00e4ft und intern Computer Systeme , diese Webseite ist entworfen , um zu entsprechen mit das folgende National und International Gesetzgebung mit was den Datenschutz betrifft und Benutzer Datenschutz :<\/p>\n<ul>\n<li>EU -Datenschutz-Grundverordnung 2018 (DSGVO)<\/li>\n<li>Verfassung von der Republik Kroatien, Artikel 37 (\u201e Amtsblatt \u201c 85\/10 \u2013 Konsolidiert Text )<\/li>\n<li>Gesetz zum Schutz personenbezogener Daten (\u201e Amtsblatt \u201c 106\/12 \u2013 Konsolidiert Text )<\/li>\n<li>Gesetz zum Schutz personenbezogener Daten (\u201e Amtsblatt \u201c 103\/03 )<\/li>\n<li>Gesetz zur \u00c4nderung des _ Gesetz zum Schutz personenbezogener Daten (\u201e Amtsblatt \u201c 118\/06)<\/li>\n<li>\u00c4nderungsgesetz _ _ und \u00c4nderungen an der Gesetz zum Schutz personenbezogener Daten (\u201e Amtsblatt \u201c 41\/08)<\/li>\n<li>\u00c4nderungsgesetz _ _ und \u00c4nderungen an der Gesetz zum Schutz personenbezogener Daten (\u201e Amtsblatt \u201c 130\/11)<\/li>\n<li>Verordnung \u00fcber das Verhalten und form Aufzeichnungen Erhebung personenbezogener Daten (\u201e Amtsblatt \u201c 105\/04 )<\/li>\n<li>Verordnung \u00fcber die Benehmen von Speicherung und Besondere Ma\u00dfe von technisch Schutz von Besondere Kategorien personenbezogener Daten (\u201e Amtsblatt \u201c 139\/04 )<\/li>\n<\/ul>\n<h2><strong>Die Daten Wir Sammeln<\/strong><\/h2>\n<h4><strong>Pers\u00f6nliche Informationen Sie freiwillig zur Verf\u00fcgung stellen<\/strong><\/h4>\n<p>Pers\u00f6nliche Informationen ist Information das speziell identifiziert ein individuell , wie Ihre _ Name , E-Mail- Adresse , Telefon Nummer , Adresse , Firma und _ Land .<\/p>\n<p>Wir nur pers\u00f6nliche Informationen sammeln aus Sie Wenn du :<\/p>\n<ul>\n<li>Kontakt uns durch unser <strong>Kontakt <\/strong>Formen<\/li>\n<li>Kontakt uns durch unser <strong>Buchung <\/strong>Formen<\/li>\n<\/ul>\n<p>Keine von dein gelieferten Daten werden sein darauf gespeichert _ Webseite , verkauft oder an jeden weitergegeben von das Datenverarbeiter von Drittanbietern definiert unten .<\/p>\n<p>Stattdessen werden die Daten _ sein zusammengetragen hinein eine E- Mail u an uns gesendet zu Ende das <a href=\"https:\/\/en.wikipedia.org\/wiki\/Simple_Mail_Transfer_Protocol\"><strong>Simple <\/strong><\/a><a href=\"https:\/\/en.wikipedia.org\/wiki\/Simple_Mail_Transfer_Protocol\"><strong>Mail Transfer <\/strong><\/a><a href=\"https:\/\/en.wikipedia.org\/wiki\/Simple_Mail_Transfer_Protocol\"><strong>Protocol <\/strong><\/a><a href=\"https:\/\/en.wikipedia.org\/wiki\/Simple_Mail_Transfer_Protocol\"><strong>(SMTP)<\/strong><\/a> oder E-Mail- Bewerbung Programmierung Schnittstellen ( APIs ). Unser eigene SMTP- Server werden gesch\u00fctzt von <a href=\"https:\/\/en.wikipedia.org\/wiki\/Transport_Layer_Security\"><strong>TLS <\/strong><\/a>( manchmal bekannt als SSL) Bedeutung das den E-Mail- Inhalt ist verschl\u00fcsselt verwenden <a href=\"https:\/\/en.wikipedia.org\/wiki\/SHA-2\"><strong>SHA-2 <\/strong><\/a>, 256-Bit- Kryptographie Vor Sein geschickt \u00fcber das Internet.<\/p>\n<h4><strong>Nicht personenbezogene Daten wir sammeln<\/strong><\/h4>\n<p>Wann Sie verwenden unsere Webseite , wir Technologien verwenden k\u00f6nnen wie Google Analytics bzw Sonstiges Tools von Drittanbietern zu sammeln Information \u00dcber dein Besuch bei uns Webseite . In einem Essenz , diese Werkzeuge stellen uns zur Verf\u00fcgung mit das Informationen dar\u00fcber, wie Sie interagieren mit unser Webseite .<\/p>\n<h6><strong>Google Analytics<\/strong><\/h6>\n<p>Unser Webseite verwendet Google Analytics, einen Webanalysedienst Service bereitgestellt von Google, Inc. Google Analytics verwendet Kekse , Texte Dateien auf Ihrem gespeichert Computer , um zu helfen das Webseite analysieren , wie Benutzer die Website verwenden . Wir wird diese Daten verwenden , um festzustellen das Anzahl von Benutzer Besuch unser Website , um zu identifizieren, wie sie haben bei uns angekommen Webseite und eine bessere zu erhalten Verstehen von ihr Verhalten auf unserer Webseite wie oben angesehen _ _ Seiten .<\/p>\n<p>Sie k\u00f6nnen lesen Sie mehr \u00fcber der Google -Datenschutz Richtlinie zu <a href=\"https:\/\/policies.google.com\/privacy?hl=en-GB\"><strong>diesem <\/strong><\/a><a href=\"https:\/\/policies.google.com\/privacy?hl=en-GB\"><strong>Link <\/strong><\/a><strong>.<\/strong><\/p>\n<p>Au\u00dferdem du _ kann Google verbieten _ sammeln und Analysieren das Pl\u00e4tzchen generierte Daten \u00fcber Ihre Verwendung von das Webseite von installieren das Browser -Plugin unter <a href=\"https:\/\/tools.google.com\/dlpage\/gaoptout?hl=en\"><strong>diesem <\/strong><\/a><a href=\"https:\/\/tools.google.com\/dlpage\/gaoptout?hl=en\"><strong>Link <\/strong><\/a>bereitgestellt .<\/p>\n<h6><strong>Facebook<\/strong><\/h6>\n<p>Mit dein Erlaubnis , unsere Webseite nutzt das Wandlung Verfolgung Pixel Service der Facebook Inc., 1601 S. California Ave., Palo Alto, CA 94304, USA. Das Werkzeug erlaubt uns zu folgen das Aktionen von Benutzer gem\u00e4\u00df sie werden zu einem Anbieter umgeleitet Webseite von Klicken auf eine Facebook -Werbung . Das Service erm\u00f6glicht uns aufzuzeichnen _ das Wirksamkeit von Facebook -Werbung f\u00fcr statistische Zwecke und Marktforschung _ Zwecke . Das erhobenen personenbezogenen Daten verbleiben anonym . Seit das gesammelten Daten ist Sein Gerettet von Facebook , k\u00f6nnen sie sich verbinden die Daten mit Ihr Facebook- Konto und verwenden Sie die Daten f\u00fcr ihre besitzen Werbung Zwecke , ein \u00dcbereinstimmung mit Datenverwendungsrichtlinie von Facebook gefunden unter <a href=\"https:\/\/www.facebook.com\/about\/privacy\/\"><strong>https:\/\/www.facebook.com\/about\/privacy\/ <\/strong><\/a>. Facebook -Konvertierung Verfolgung zudem erm\u00f6glicht Facebook u es ist Partner Ihnen zu zeigen Werbung auf und au\u00dferhalb von Facebook. Au\u00dferdem ein Keks _ Wille sein Gerettet auf zu dein Computer f\u00fcr diese Zwecke .<\/p>\n<p>Ob du bist j\u00fcnger als ab 13 Jahren bitte _ konsultieren dein legal W\u00e4chter in um zu erhalten ihr Erlaubnis .<\/p>\n<p>Bitte klicken hier Wenn Sie w\u00fcrde gerne widerrufen _ dein Erlaubnis : <a href=\"https:\/\/www.facebook.com\/ads\/website_custom_audiences\/\"><strong>https:\/\/www.facebook.com\/ads\/website_custom_audiences\/ <\/strong><\/a>.<\/p>\n<p>Au\u00dferdem sicher _ _ St\u00fccke von Information wie IP &#8211; Adresse , Browserversion und Zugriff Zeiten sind automatisch an uns gesendet von dein Computer oder Handy, Mobiltelefon Ger\u00e4t und auf unserem Server gespeichert . Information hinsichtlich das Typ von Handy, Mobiltelefon Ger\u00e4t und Betriebssystem sein _ Gebraucht ist zudem zu dieser Zeit gesammelt . Wir verwende nur diese Informationen zu leiten statistisch und Leistung Analysen oder strafrechtlich zu verfolgen unbefugte Nutzung von unser Webseite .<\/p>\n<h4><strong>Pl\u00e4tzchen Politik<\/strong><\/h4>\n<p>Wir verwenden Cookies auf unserer Webseite . Diese sind klein Text Dateien auf Ihrem gespeichert Computer . Wir verwenden beides dauerhaft Kekse und Sitzung Kekse so das wir kann Angebot Sie das Beste Service m\u00f6glich .<\/p>\n<p>Die Daten gespeichert in das Cookies verwenden _ _ _ unser Dienstleistungen so angenehm wie m\u00f6glich f\u00fcr Sie , nicht nur f\u00fcr deine aktuelle Verwendung von das jeweilig Dienst sondern auch dar\u00fcber hinaus es . Ob Sie nicht zulassen wollen _ dauerhaft Kekse , du kann ausw\u00e4hlen das M\u00f6glichkeit zu deaktivieren dauerhaft Kekse in Ihr Browser.<\/p>\n<p>Wann Sie Besuch unser Webseite oder Sozial Medien Websites , Sie k\u00f6nnen uns zur Verf\u00fcgung stellen mit zwei Typen von Informationen :<\/p>\n<ul>\n<li>Personenbezogene Daten \u2013 welche Sie wissentlich entscheide dich daf\u00fcr , das offenzulegen ist gesammelt auf einem Individuell Basis und ist Gebraucht in \u00dcbereinstimmung mit unser Datenschutz &amp; Cookie Politik .<\/li>\n<li>Informationen zur Nutzung der Website welche ist gesammelt auf einem Aggregat Grundlage wie Sie und Andere Durchsuche das Webseite oder interagieren mit unser Sozial Medien Websites und _ ist wie angegeben verwendet in diese Kekse Politik .<\/li>\n<\/ul>\n<p>Wir verwenden Sie auch Cookies auf unserer Webseite und Sozial Medien Websites die verwendet werden Wenn Sie Teilen Information mit einem Sharing Taste oder \u201e Gef\u00e4llt mir \u201c -Button , oder Wenn Sie Klicken Sie auf die Links auf der offizielles soziales Villa Mediterrano Medien Seiten auf Websites wie Facebook, Instagram, YouTube oder Google+. Das Unternehmen das liefern diese Funktionalit\u00e4t und _ das Betreiber von das Websites , wird Aufzeichnung das Sie haben fertig diese und diese Information kann sein mit Targeting \/ Werbung verkn\u00fcpft Aktivit\u00e4ten wie erkl\u00e4rt in unser Datenschutz &amp; Cookie Politik .<\/p>\n<p>Ob Sie w\u00e4hlen nicht zu l\u00f6schen und \/ oder Block Kekse aus die Villa Mediterrano -Website , und weiterhin verwenden _ Website sind Sie dabei _ Zustimmung zu unserer Verwendung von solch Kekse .<\/p>\n<p>Eine Beschreibung von das Typ von Kekse das wir verwenden, und ihr Zweck , ist unten :<\/p>\n<h4><strong>Kategorie 1 \u2013 streng notwendig Kekse<\/strong><\/h4>\n<p>Diese Kekse sind unerl\u00e4sslich in um sich zu bewegen zirka das Webseite und ihre verwenden Funktionen , wie z . B. Zugriff Bereiche von das Webseite . Zum Beispiel , um sich zu erinnern das Bisherige Aktionen so Sie kann navigieren zur\u00fcck zu den Bisherige Seiten .<\/p>\n<h4><strong>Kategorie 2 \u2013 Analytisch \/ Leistung Kekse<\/strong><\/h4>\n<p>Diese Kekse sammeln Informationen dar\u00fcber, wie Sie die verwenden Website , zum Beispiel, die Seiten Sie gehe am h\u00e4ufigsten zu . Diese Cookies nicht _ sammeln Information das identifiziert du . Alle Informationen diese Kekse sammeln ist aggregiert und deshalb anonym .<\/p>\n<h4><strong>Kategorie 3 \u2013 Ausrichtung Kekse<\/strong><\/h4>\n<p>Diese Cookies werden verwendet , um zu liefern Anzeigen , die f\u00fcr Sie relevanter sind und dein Interessen . Sie sind es auch verwendet , um die zu begrenzen Anzahl von mal Sie sehen ein Werbung sowie Hilfe _ _ messen das Wirksamkeit von das Werbung Kampagne . Sie sind normalerweise platziert von Werbung Netzwerke mit unser Erlaubnis . Sie erinnern welche Webseiten Sie haben hat besucht und diese Information ist geteilt mit Sonstiges Organisationen wie Werbetreibende . _ Recht oft Ausrichtung oder Werbung Kekse Wille sein mit der Site- Funktionalit\u00e4t verkn\u00fcpft bereitgestellt von das Sonstiges Organisation welche ist aufgef\u00fchrt in unser Datenschutz &amp; Cookie Politik .<\/p>\n<p>Du darfst l\u00f6schen und Block alles Kekse aus das Website , aber Teile von das Webseite kann nicht dann Arbeit . Die meisten Webbrowser und Ger\u00e4te etwas Kontrolle zulassen der meisten Kekse durch der Browser bzw Ger\u00e4t Einstellungen , zum Beispiel Sie aufstellen kann _ Ihren Webbrowser zu informieren Sie Wenn Sie einen Keks erhalten , geben Sie das Chance zu entscheiden ob oder nicht zu akzeptieren es . Zu finden mehr dar\u00fcber erfahren Cookies , einschlie\u00dflich wie zu sehen was Kekse haben eingestellt wurden und wie sie verwaltet werden und l\u00f6schen sie , besuchen <a href=\"https:\/\/www.allaboutcookies.org\/\"><strong>www.allaboutcookies.org <\/strong><\/a><a href=\"https:\/\/www.allaboutcookies.org\/\">. <\/a>Zu verwalten Kekse mit Targeting \/ Werbung verkn\u00fcpft Aktivit\u00e4ten , besuchen <a href=\"https:\/\/youronlinechoices.com\/\"><strong>www.youronlinechoices.com <\/strong><\/a>.<\/p>\n<h2><strong>Wieso den Wir verwenden Ihre Daten<\/strong><\/h2>\n<p>Es gibt mehrere Zwecke der Verarbeitung Ihrer Daten durch Villa Mediterrano.<\/p>\n<p>Villa Mediterrano verarbeitet Ihre pers\u00f6nlichen Daten in erster Linie zu liefern unser Dienstleistungen f\u00fcr Sie und zu laufen , zu warten und sich entwickeln es ist Gesch\u00e4ft .<\/p>\n<p>Ob Sie Kontakt unser Kunde Dienst , wir werde die verwenden Information bereitgestellt von Sie zu beantworten dein Fragen oder l\u00f6sen dein Beschwerde . Um sicherzustellen _ _ das unser Dienstleistungen sind im Einklang mit dein braucht , k\u00f6nnen diese Daten sein f\u00fcr Dinge verwendet wie Kunde Zufriedenheit Umfragen .<\/p>\n<p>Villa Mediterrano verarbeitet Ihre pers\u00f6nlichen Daten zur Kontaktaufnahme Sie hinsichtlich unser Dienstleistungen und zu informieren Sie von \u00c4nderungen an unserer Dienstleistungen und Produkte . Ihre Daten sind zudem f\u00fcr die Forschung verwendet und Analyse , um sich zu verbessern unser Dienstleistungen und unser Webseite . Wir kann verwenden Sie auch Ihre auf unserer eingegebenen Daten Webseite in sicher F\u00e4lle zu versenden Information per E-Mail \u00fcber Sonstiges Dienstleistungen , bereitgestellt das Sie haben gegeben uns Zustimmung dazu . _<\/p>\n<p>Villa Mediterrano verarbeitet Ihre personenbezogenen Daten durchzuf\u00fchren unser vertraglich Verpflichtungen gegen\u00fcber Sie und zu erf\u00fcllen mit legal Verpflichtungen . Au\u00dferdem wir _ Prozess Ihre personenbezogenen Daten zu verfolgen unser legitim Interesse zu pflegen und sich entwickeln unser Unternehmen .<\/p>\n<h2><strong>Datenschutzverletzung<br \/>\n<\/strong><\/h2>\n<p>Wir Wille Pr\u00fcfbericht irgendein rechtswidrige Datenschutzverletzung _ von diese Website Datenbank oder das Datenbank (en) von irgendein von unser Datenverarbeiter von Drittanbietern an alle und alles relevant Personen und Beh\u00f6rden innerhalb von 72 Stunden von das Bruch Wenn es ist ersichtlich dass personenbezogene Daten gespeichert werden in ein identifizierbar Benehmen verf\u00fcgt \u00fcber gewesen gestohlen .<\/p>\n<h2><strong>Ihre Rechte<\/strong><\/h2>\n<p>Wir denken es ist wichtig das du bist in der lage zu kontrollieren Ihre pers\u00f6nlichen Daten . Sie haben das folgende Rechte :<\/p>\n<p>a ) Auskunftsrecht<\/p>\n<p>Sie haben das Recht , von Villa Mediterrano eine Best\u00e4tigung dar\u00fcber zu erhalten , ob oder keine personenbezogenen Daten bzgl du bist _ verarbeitet sowie Zugriff auf die _ _ jeweiligen Daten. Einschlie\u00dflich das Ausgabe kopieren .<\/p>\n<ol>\n<li>b) Recht auf Berichtigung<\/li>\n<\/ol>\n<p>Sie haben ein Recht darauf _ von Villa Mediterrano, ohne unangemessen Verz\u00f6gerung , die Berichtigung von ungenaue personenbezogene Daten, einschlie\u00dflich das Recht zu vervollst\u00e4ndigen unvollst\u00e4ndige Daten.<\/p>\n<ol>\n<li>c) Recht auf L\u00f6schung<\/li>\n<\/ol>\n<p>Sie haben ein Recht darauf _ von Villa Mediterrano die L\u00f6schen von Ihre pers\u00f6nlichen Daten ohne unangemessen verz\u00f6gern Wenn dort ist ein Ausgabe mit das zugrunde liegende Rechtm\u00e4\u00dfigkeit von die Datenverarbeitung.<\/p>\n<p>d ) Seinsrecht _ Vergessene<\/p>\n<p>Sie haben das Recht zu erhalten aus die Villa Mediterrano die L\u00f6schen von personenbezogenen Daten ohne unangemessen verz\u00f6gern und Villa Mediterrano soll haben das Verpflichtung zur L\u00f6schung personenbezogener Daten ohne unangemessen verz\u00f6gern wo zutreffend in \u00dcbereinstimmung mit der Artikel 17 DSGVO.<\/p>\n<ol>\n<li>e) Recht auf die Beschr\u00e4nkung der Verarbeitung<\/li>\n<\/ol>\n<p>Sie haben das Recht zu erhalten von Villa Mediterrano Einschr\u00e4nkung der Verarbeitung, wo einer von das folgende gilt :<\/p>\n<ul>\n<li>Das Richtigkeit von Daten ist beanstandet von _ die betroffene Person .<\/li>\n<li>Rechtswidrige Verarbeitung und betroffene Person Objekt L\u00f6schen von Daten u Anfragen Beschr\u00e4nkung stattdessen .<\/li>\n<li>Daten nicht mehr notwendig f\u00fcr die Zweck , aber erforderlich durch betroffene Person der _ Gr\u00fcndung , \u00dcbung oder Verteidigung von legal Anspr\u00fcche .<\/li>\n<li>Widerspruch gegen weitere Verarbeitung, anh\u00e4ngig \u00dcberpr\u00fcfung von legitim Gr\u00fcnde zu \u00fcberschreiben jene der betroffenen Person .<\/li>\n<\/ul>\n<ol>\n<li>f) Recht auf Daten\u00fcbertragbarkeit<\/li>\n<\/ol>\n<p>Sie haben das Recht zu erhalten die personenbezogenen Daten in einer strukturierten , allgemein Gebraucht und maschinenlesbares Format u haben das Recht zu \u00fcbermitteln diese Daten an einen anderen Regler ohne Hindernis aus die Villa Mediterrano zu der die personenbezogenen Daten haben gewesen bereitgestellt .<\/p>\n<p>g ) Widerspruchsrecht _<\/p>\n<p>Sie haben das Recht , der Verarbeitung Ihrer personenbezogenen Daten jederzeit zu widersprechen _ folgende Adresse : &#x62;&#x6f;&#x6f;&#x6b;&#x69;&#x6e;&#x67;&#x40;<span class=\"oe_displaynone\">null<\/span>&#x76;&#x69;&#x6c;&#x6c;&#x61;&#x2d;&#x6d;&#x65;&#x64;&#x69;&#x74;&#x65;&#x72;&#x72;&#x61;&#x6e;&#x6f;&#x2e;&#x63;&#x6f;&#x6d; .<\/p>\n<ol>\n<li>h) Richtig gegen ein Automatisiert Entscheidung<\/li>\n<\/ol>\n<p>Sie haben das Rechts nicht sein _ Gegenstand einer Entscheidung basierend ausschlie\u00dflich auf automatisierte Verarbeitung, einschlie\u00dflich Profilierung , die produziert legal Effekte .<\/p>\n<h2><strong>\u00c4nderungen an unserer Datenschutz &amp; Cookie Politik<\/strong><\/h2>\n<p>Das Privatsph\u00e4re Politik kann sein \u00c4nderungen vorbehalten _ von Zeit zu Zeit im Einklang mit Gesetzgebung oder Industrie Entwicklungen . Wir Wille nicht ausdr\u00fccklich informieren unser Kunden oder Webseite Benutzer von diese \u00c4nderungen . Stattdessen wir _ empfehlen das Sie \u00fcberpr\u00fcfen diese Seite gelegentlich f\u00fcr alle Politik \u00c4nderungen .<\/p>\n<h2><strong>Kontakt<\/strong><\/h2>\n<p>Villa Mediterrano<br \/>\nAdresse : Potpetak 16, 88202 Buna &#8211; Mostar, Bosnien und Herzegowina<br \/>\nE-mail: &#x62;&#x6f;&#x6f;&#x6b;&#x69;&#x6e;&#x67;&#x40;<span class=\"oe_displaynone\">null<\/span>&#x76;&#x69;&#x6c;&#x6c;&#x61;&#x2d;&#x6d;&#x65;&#x64;&#x69;&#x74;&#x65;&#x72;&#x72;&#x61;&#x6e;&#x6f;&#x2e;&#x63;&#x6f;&#x6d;<\/p>\n<\/div><div class=\"fusion-clearfix\"><\/div><\/div><\/div><\/div><\/div>","protected":false},"excerpt":{"rendered":"","protected":false},"author":3,"featured_media":0,"parent":0,"menu_order":0,"comment_status":"closed","ping_status":"open","template":"","meta":{"footnotes":""},"class_list":["post-811","page","type-page","status-publish","hentry"],"_links":{"self":[{"href":"https:\/\/villa-mediterrano.com\/de\/wp-json\/wp\/v2\/pages\/811","targetHints":{"allow":["GET"]}}],"collection":[{"href":"https:\/\/villa-mediterrano.com\/de\/wp-json\/wp\/v2\/pages"}],"about":[{"href":"https:\/\/villa-mediterrano.com\/de\/wp-json\/wp\/v2\/types\/page"}],"author":[{"embeddable":true,"href":"https:\/\/villa-mediterrano.com\/de\/wp-json\/wp\/v2\/users\/3"}],"replies":[{"embeddable":true,"href":"https:\/\/villa-mediterrano.com\/de\/wp-json\/wp\/v2\/comments?post=811"}],"version-history":[{"count":2,"href":"https:\/\/villa-mediterrano.com\/de\/wp-json\/wp\/v2\/pages\/811\/revisions"}],"predecessor-version":[{"id":3274,"href":"https:\/\/villa-mediterrano.com\/de\/wp-json\/wp\/v2\/pages\/811\/revisions\/3274"}],"wp:attachment":[{"href":"https:\/\/villa-mediterrano.com\/de\/wp-json\/wp\/v2\/media?parent=811"}],"curies":[{"name":"wp","href":"https:\/\/api.w.org\/{rel}","templated":true}]}}